{"id":477,"date":"2026-03-03T17:50:18","date_gmt":"2026-03-03T17:50:18","guid":{"rendered":"https:\/\/staging.kusicair.ca\/?page_id=477"},"modified":"2026-04-30T09:57:11","modified_gmt":"2026-04-30T09:57:11","slug":"conditions-dutilisation","status":"publish","type":"page","link":"https:\/\/kusicair.ca\/en\/conditions-dutilisation\/","title":{"rendered":"Terms of use"},"content":{"rendered":"<div data-elementor-type=\"wp-page\" data-elementor-id=\"477\" class=\"elementor elementor-477\" data-elementor-post-type=\"page\">\n\t\t\t\t<div data-particle_enable=\"false\" data-particle-mobile-disabled=\"false\" class=\"elementor-element elementor-element-8b94740 e-flex e-con-boxed e-con e-parent\" data-id=\"8b94740\" data-element_type=\"container\" data-e-type=\"container\" data-settings=\"{&quot;shape_divider_bottom&quot;:&quot;curve&quot;,&quot;shape_divider_bottom_negative&quot;:&quot;yes&quot;,&quot;background_background&quot;:&quot;classic&quot;}\">\n\t\t\t\t\t<div class=\"e-con-inner\">\n\t\t\t\t<div class=\"elementor-shape elementor-shape-bottom\" aria-hidden=\"true\" data-negative=\"true\">\n\t\t\t<svg xmlns=\"http:\/\/www.w3.org\/2000\/svg\" viewbox=\"0 0 1000 100\" preserveaspectratio=\"none\">\n\t<path class=\"elementor-shape-fill\" d=\"M500,97C126.7,96.3,0.8,19.8,0,0v100l1000,0V1C1000,19.4,873.3,97.8,500,97z\"\/>\n<\/svg>\t\t<\/div>\n\t\t<div data-particle_enable=\"false\" data-particle-mobile-disabled=\"false\" class=\"elementor-element elementor-element-2646f05 e-con-full e-flex e-con e-child\" data-id=\"2646f05\" data-element_type=\"container\" data-e-type=\"container\">\n\t\t\t\t<div class=\"elementor-element elementor-element-dd7e3e8 elementor-widget-tablet__width-inherit elementor-widget__width-inherit elementor-widget elementor-widget-heading\" data-id=\"dd7e3e8\" data-element_type=\"widget\" data-e-type=\"widget\" data-widget_type=\"heading.default\">\n\t\t\t\t\t<h1 class=\"elementor-heading-title elementor-size-default\">Conditions <span class=\"text-orange\">d'utilisation<\/span><\/h1>\t\t\t\t<\/div>\n\t\t\t\t<\/div>\n\t\t\t\t\t<\/div>\n\t\t\t\t<\/div>\n\t\t<div data-particle_enable=\"false\" data-particle-mobile-disabled=\"false\" class=\"elementor-element elementor-element-19b9818 e-flex e-con-boxed e-con e-parent\" data-id=\"19b9818\" data-element_type=\"container\" data-e-type=\"container\">\n\t\t\t\t\t<div class=\"e-con-inner\">\n\t\t\t\t<div class=\"elementor-element elementor-element-c953b1c elementor-widget elementor-widget-text-editor\" data-id=\"c953b1c\" data-element_type=\"widget\" data-e-type=\"widget\" data-widget_type=\"text-editor.default\">\n\t\t\t\t\t\t\t\t\t<h2>1. Introduction<\/h2>\n<p>\n    Le site <a href=\"https:\/\/kusicair.ca\">https:\/\/kusicair.ca<\/a> (ci-apr\u00e8s le \u00ab Site \u00bb) est exploit\u00e9 par <strong>Kusicair<\/strong>. En acc\u00e9dant au Site, l\u2019utilisateur (ci-apr\u00e8s \u00ab l\u2019Utilisateur \u00bb) accepte sans r\u00e9serve les pr\u00e9sentes conditions g\u00e9n\u00e9rales d\u2019utilisation (CGU).\n<\/p>\n<h2>2. Informations l\u00e9gales<\/h2>\n<strong>Kusicair<\/strong>\nSylvie et Alexandre Kusic\n1377 rue Dumouchel\nJ8B 1V9 Sainte-Ad\u00e8le, Canada\nT\u00e9l\u00e9phone : <a href=\"tel:+15142612221\">514-261-2221<\/a>\nCourriel : <a href=\"mailto:info@kusicair.ca\">info@kusicair.ca<\/a>\nNEQ : 1176098292\n<h2>3. Objet du site<\/h2>\nLe Site est un site vitrine pr\u00e9sentant les services offerts par Kusicair. Il permet aux utilisateurs de contacter l\u2019entreprise et de soumettre des informations relatives \u00e0 leurs projets ou \u00e0 des candidatures.\n<h2>4. Utilisation du site<\/h2>\nL\u2019Utilisateur s\u2019engage \u00e0 utiliser le Site conform\u00e9ment aux lois en vigueur et \u00e0 ne pas perturber son bon fonctionnement ou sa s\u00e9curit\u00e9.\n<h2>5. Propri\u00e9t\u00e9 intellectuelle<\/h2>\nL\u2019ensemble des contenus pr\u00e9sents sur le Site (textes, images, logos, etc.) est prot\u00e9g\u00e9 par les lois relatives \u00e0 la propri\u00e9t\u00e9 intellectuelle. Toute reproduction sans autorisation est interdite.\n<h2>6. Formulaires<\/h2>\nLe Site propose plusieurs formulaires permettant de collecter des informations, notamment :\n<ul>\n \t<li>First and last name<\/li>\n \t<li>E-mail<\/li>\n \t<li>Phone<\/li>\n \t<li>Position sought<\/li>\n \t<li>Curriculum vitae (CV)<\/li>\n \t<li>Photos, plans ou documents li\u00e9s \u00e0 un projet<\/li>\n \t<li>Secteur et informations relatives au projet<\/li>\n<\/ul>\nL\u2019Utilisateur s\u2019engage \u00e0 fournir des informations exactes et pertinentes.\n<h2>7. Communications<\/h2>\nLes informations fournies peuvent \u00eatre utilis\u00e9es pour r\u00e9pondre aux demandes et, le cas \u00e9ch\u00e9ant, pour des communications professionnelles ou promotionnelles.\n<h2>8. Cookies<\/h2>\nLe Site utilise des cookies, notamment via <strong>Google Analytics<\/strong>, afin d\u2019analyser la navigation. Une banni\u00e8re de consentement est affich\u00e9e lors de la premi\u00e8re visite.\n<h2>9. S\u00e9curit\u00e9<\/h2>\nLe Site utilise un protocole s\u00e9curis\u00e9 HTTPS (SSL) pour prot\u00e9ger les \u00e9changes de donn\u00e9es.\n<h2>10. Responsabilit\u00e9<\/h2>\nKusicair ne peut garantir que le Site sera accessible en tout temps ni exempt d\u2019erreurs. L\u2019entreprise d\u00e9cline toute responsabilit\u00e9 en cas de dysfonctionnement.\n<h2>11. Modification des conditions<\/h2>\nLes pr\u00e9sentes conditions peuvent \u00eatre modifi\u00e9es \u00e0 tout moment. La version applicable est celle publi\u00e9e sur le Site.\n<h2>12. Droit applicable<\/h2>\nLes pr\u00e9sentes conditions sont r\u00e9gies par les lois du Qu\u00e9bec et du Canada.\n<h2>13. Contact<\/h2>\nPour toute question :\n<a href=\"mailto:info@kusicair.ca\">info@kusicair.ca<\/a>\t\t\t\t\t\t\t\t<\/div>\n\t\t\t\t\t<\/div>\n\t\t\t\t<\/div>\n\t\t\t\t<\/div>","protected":false},"excerpt":{"rendered":"<p>Conditions d&rsquo;utilisation 1. Introduction Le site https:\/\/kusicair.ca (ci-apr\u00e8s le \u00ab Site \u00bb) est exploit\u00e9 par Kusicair. En acc\u00e9dant au Site, l\u2019utilisateur (ci-apr\u00e8s \u00ab l\u2019Utilisateur \u00bb) accepte sans r\u00e9serve les pr\u00e9sentes conditions g\u00e9n\u00e9rales d\u2019utilisation (CGU). 2. Informations l\u00e9gales Kusicair Sylvie et Alexandre Kusic 1377 rue Dumouchel J8B 1V9 Sainte-Ad\u00e8le, Canada T\u00e9l\u00e9phone : 514-261-2221 Courriel : info@kusicair.ca [&hellip;]<\/p>\n","protected":false},"author":1,"featured_media":0,"parent":0,"menu_order":0,"comment_status":"closed","ping_status":"closed","template":"","meta":{"_acf_changed":false,"footnotes":""},"class_list":["post-477","page","type-page","status-publish","hentry"],"acf":[],"_links":{"self":[{"href":"https:\/\/kusicair.ca\/en\/wp-json\/wp\/v2\/pages\/477","targetHints":{"allow":["GET"]}}],"collection":[{"href":"https:\/\/kusicair.ca\/en\/wp-json\/wp\/v2\/pages"}],"about":[{"href":"https:\/\/kusicair.ca\/en\/wp-json\/wp\/v2\/types\/page"}],"author":[{"embeddable":true,"href":"https:\/\/kusicair.ca\/en\/wp-json\/wp\/v2\/users\/1"}],"replies":[{"embeddable":true,"href":"https:\/\/kusicair.ca\/en\/wp-json\/wp\/v2\/comments?post=477"}],"version-history":[{"count":5,"href":"https:\/\/kusicair.ca\/en\/wp-json\/wp\/v2\/pages\/477\/revisions"}],"predecessor-version":[{"id":2211,"href":"https:\/\/kusicair.ca\/en\/wp-json\/wp\/v2\/pages\/477\/revisions\/2211"}],"wp:attachment":[{"href":"https:\/\/kusicair.ca\/en\/wp-json\/wp\/v2\/media?parent=477"}],"curies":[{"name":"wp","href":"https:\/\/api.w.org\/{rel}","templated":true}]}}